{"id":1643,"date":"2021-10-14T10:31:24","date_gmt":"2021-10-14T08:31:24","guid":{"rendered":"https:\/\/test.espattiobrand.com\/disenadores\/"},"modified":"2021-11-22T15:23:38","modified_gmt":"2021-11-22T14:23:38","slug":"designer","status":"publish","type":"page","link":"https:\/\/espattiobrand.com\/de\/designer\/","title":{"rendered":"Designer"},"content":{"rendered":"\n<p>Verschiedene Anschauungen und Perspektiven, die sinnliche und funktionale Elemente miteinander verbinden und Designs erschaffen, die den Nutzer begeistern und alle seine Bed\u00fcrfnisse erf\u00fcllen k\u00f6nnen. Ein Team von versierten Fachleuten verleiht jedem einzelnen unserer Modelle einen ganz besonderen Touch und eine W\u00e4rme, die \u00fcber das blo\u00dfe Design hinausgeht und den Betrachter in Empfindungen einh\u00fcllt, die nicht in Worte zu fassen sind. Dieses Licht, diese Farben\u2026 diese W\u00e4rme! \u00a0<\/p>\n","protected":false},"excerpt":{"rendered":"<p>Verschiedene Anschauungen und Perspektiven, die sinnliche und funktionale Elemente miteinander verbinden und Designs erschaffen, die den Nutzer begeistern und alle seine Bed\u00fcrfnisse erf\u00fcllen k\u00f6nnen. Ein Team von versierten Fachleuten verleiht jedem einzelnen unserer Modelle einen ganz besonderen Touch und eine W\u00e4rme, die \u00fcber das blo\u00dfe Design hinausgeht und den Betrachter in Empfindungen einh\u00fcllt, die nicht [&hellip;]<\/p>\n","protected":false},"author":1,"featured_media":0,"parent":0,"menu_order":0,"comment_status":"closed","ping_status":"closed","template":"page-disenadores.php","meta":{"_acf_changed":false,"footnotes":""},"class_list":["post-1643","page","type-page","status-publish","hentry"],"acf":[],"yoast_head":"<!-- This site is optimized with the Yoast SEO plugin v25.3 - https:\/\/yoast.com\/wordpress\/plugins\/seo\/ -->\n<title>Designer - esPattio<\/title>\n<meta name=\"robots\" content=\"index, follow, max-snippet:-1, max-image-preview:large, max-video-preview:-1\" \/>\n<link rel=\"canonical\" href=\"https:\/\/espattiobrand.com\/de\/designer\/\" \/>\n<meta property=\"og:locale\" content=\"de_DE\" \/>\n<meta property=\"og:type\" content=\"article\" \/>\n<meta property=\"og:title\" content=\"Designer - esPattio\" \/>\n<meta property=\"og:description\" content=\"Verschiedene Anschauungen und Perspektiven, die sinnliche und funktionale Elemente miteinander verbinden und Designs erschaffen, die den Nutzer begeistern und alle seine Bed\u00fcrfnisse erf\u00fcllen k\u00f6nnen. Ein Team von versierten Fachleuten verleiht jedem einzelnen unserer Modelle einen ganz besonderen Touch und eine W\u00e4rme, die \u00fcber das blo\u00dfe Design hinausgeht und den Betrachter in Empfindungen einh\u00fcllt, die nicht [&hellip;]\" \/>\n<meta property=\"og:url\" content=\"https:\/\/espattiobrand.com\/de\/designer\/\" \/>\n<meta property=\"og:site_name\" content=\"esPattio\" \/>\n<meta property=\"article:modified_time\" content=\"2021-11-22T14:23:38+00:00\" \/>\n<meta name=\"twitter:card\" content=\"summary_large_image\" \/>\n<script type=\"application\/ld+json\" class=\"yoast-schema-graph\">{\"@context\":\"https:\/\/schema.org\",\"@graph\":[{\"@type\":\"WebPage\",\"@id\":\"https:\/\/espattiobrand.com\/de\/designer\/\",\"url\":\"https:\/\/espattiobrand.com\/de\/designer\/\",\"name\":\"Designer - esPattio\",\"isPartOf\":{\"@id\":\"https:\/\/espattiobrand.com\/de\/#website\"},\"datePublished\":\"2021-10-14T08:31:24+00:00\",\"dateModified\":\"2021-11-22T14:23:38+00:00\",\"breadcrumb\":{\"@id\":\"https:\/\/espattiobrand.com\/de\/designer\/#breadcrumb\"},\"inLanguage\":\"de\",\"potentialAction\":[{\"@type\":\"ReadAction\",\"target\":[\"https:\/\/espattiobrand.com\/de\/designer\/\"]}]},{\"@type\":\"BreadcrumbList\",\"@id\":\"https:\/\/espattiobrand.com\/de\/designer\/#breadcrumb\",\"itemListElement\":[{\"@type\":\"ListItem\",\"position\":1,\"name\":\"Portada\",\"item\":\"https:\/\/espattiobrand.com\/de\/\"},{\"@type\":\"ListItem\",\"position\":2,\"name\":\"Designer\"}]},{\"@type\":\"WebSite\",\"@id\":\"https:\/\/espattiobrand.com\/de\/#website\",\"url\":\"https:\/\/espattiobrand.com\/de\/\",\"name\":\"esPattio\",\"description\":\"\",\"potentialAction\":[{\"@type\":\"SearchAction\",\"target\":{\"@type\":\"EntryPoint\",\"urlTemplate\":\"https:\/\/espattiobrand.com\/de\/?s={search_term_string}\"},\"query-input\":{\"@type\":\"PropertyValueSpecification\",\"valueRequired\":true,\"valueName\":\"search_term_string\"}}],\"inLanguage\":\"de\"}]}<\/script>\n<!-- \/ Yoast SEO plugin. -->","yoast_head_json":{"title":"Designer - esPattio","robots":{"index":"index","follow":"follow","max-snippet":"max-snippet:-1","max-image-preview":"max-image-preview:large","max-video-preview":"max-video-preview:-1"},"canonical":"https:\/\/espattiobrand.com\/de\/designer\/","og_locale":"de_DE","og_type":"article","og_title":"Designer - esPattio","og_description":"Verschiedene Anschauungen und Perspektiven, die sinnliche und funktionale Elemente miteinander verbinden und Designs erschaffen, die den Nutzer begeistern und alle seine Bed\u00fcrfnisse erf\u00fcllen k\u00f6nnen. Ein Team von versierten Fachleuten verleiht jedem einzelnen unserer Modelle einen ganz besonderen Touch und eine W\u00e4rme, die \u00fcber das blo\u00dfe Design hinausgeht und den Betrachter in Empfindungen einh\u00fcllt, die nicht [&hellip;]","og_url":"https:\/\/espattiobrand.com\/de\/designer\/","og_site_name":"esPattio","article_modified_time":"2021-11-22T14:23:38+00:00","twitter_card":"summary_large_image","schema":{"@context":"https:\/\/schema.org","@graph":[{"@type":"WebPage","@id":"https:\/\/espattiobrand.com\/de\/designer\/","url":"https:\/\/espattiobrand.com\/de\/designer\/","name":"Designer - esPattio","isPartOf":{"@id":"https:\/\/espattiobrand.com\/de\/#website"},"datePublished":"2021-10-14T08:31:24+00:00","dateModified":"2021-11-22T14:23:38+00:00","breadcrumb":{"@id":"https:\/\/espattiobrand.com\/de\/designer\/#breadcrumb"},"inLanguage":"de","potentialAction":[{"@type":"ReadAction","target":["https:\/\/espattiobrand.com\/de\/designer\/"]}]},{"@type":"BreadcrumbList","@id":"https:\/\/espattiobrand.com\/de\/designer\/#breadcrumb","itemListElement":[{"@type":"ListItem","position":1,"name":"Portada","item":"https:\/\/espattiobrand.com\/de\/"},{"@type":"ListItem","position":2,"name":"Designer"}]},{"@type":"WebSite","@id":"https:\/\/espattiobrand.com\/de\/#website","url":"https:\/\/espattiobrand.com\/de\/","name":"esPattio","description":"","potentialAction":[{"@type":"SearchAction","target":{"@type":"EntryPoint","urlTemplate":"https:\/\/espattiobrand.com\/de\/?s={search_term_string}"},"query-input":{"@type":"PropertyValueSpecification","valueRequired":true,"valueName":"search_term_string"}}],"inLanguage":"de"}]}},"_links":{"self":[{"href":"https:\/\/espattiobrand.com\/de\/wp-json\/wp\/v2\/pages\/1643","targetHints":{"allow":["GET"]}}],"collection":[{"href":"https:\/\/espattiobrand.com\/de\/wp-json\/wp\/v2\/pages"}],"about":[{"href":"https:\/\/espattiobrand.com\/de\/wp-json\/wp\/v2\/types\/page"}],"author":[{"embeddable":true,"href":"https:\/\/espattiobrand.com\/de\/wp-json\/wp\/v2\/users\/1"}],"replies":[{"embeddable":true,"href":"https:\/\/espattiobrand.com\/de\/wp-json\/wp\/v2\/comments?post=1643"}],"version-history":[{"count":0,"href":"https:\/\/espattiobrand.com\/de\/wp-json\/wp\/v2\/pages\/1643\/revisions"}],"wp:attachment":[{"href":"https:\/\/espattiobrand.com\/de\/wp-json\/wp\/v2\/media?parent=1643"}],"curies":[{"name":"wp","href":"https:\/\/api.w.org\/{rel}","templated":true}]}}