{"id":1671,"date":"2021-10-14T10:28:37","date_gmt":"2021-10-14T08:28:37","guid":{"rendered":"https:\/\/test.espattiobrand.com\/home\/"},"modified":"2025-09-16T09:00:51","modified_gmt":"2025-09-16T07:00:51","slug":"home","status":"publish","type":"page","link":"https:\/\/espattiobrand.com\/de\/","title":{"rendered":"Home"},"content":{"rendered":"","protected":false},"excerpt":{"rendered":"","protected":false},"author":1,"featured_media":7470,"parent":0,"menu_order":0,"comment_status":"closed","ping_status":"closed","template":"page-portada.php","meta":{"_acf_changed":false,"footnotes":""},"class_list":["post-1671","page","type-page","status-publish","has-post-thumbnail","hentry"],"acf":[],"yoast_head":"<!-- This site is optimized with the Yoast SEO plugin v25.3 - https:\/\/yoast.com\/wordpress\/plugins\/seo\/ -->\n<title>B\u00fcrom\u00f6bel, Restaurants und Hotels - esPattio<\/title>\n<meta name=\"description\" content=\"esPattio bringt Sch\u00f6nheit in Ihre B\u00fcrom\u00f6bel und andere R\u00e4ume wie Hotels und Restaurants, indem es das Licht, die Farben und die W\u00e4rme des S\u00fcdens bringt.\" \/>\n<meta name=\"robots\" content=\"index, follow, max-snippet:-1, max-image-preview:large, max-video-preview:-1\" \/>\n<link rel=\"canonical\" href=\"https:\/\/espattiobrand.com\/de\/\" \/>\n<meta property=\"og:locale\" content=\"de_DE\" \/>\n<meta property=\"og:type\" content=\"article\" \/>\n<meta property=\"og:title\" content=\"B\u00fcrom\u00f6bel, Restaurants und Hotels - esPattio\" \/>\n<meta property=\"og:description\" content=\"esPattio bringt Sch\u00f6nheit in Ihre B\u00fcrom\u00f6bel und andere R\u00e4ume wie Hotels und Restaurants, indem es das Licht, die Farben und die W\u00e4rme des S\u00fcdens bringt.\" \/>\n<meta property=\"og:url\" content=\"https:\/\/espattiobrand.com\/de\/\" \/>\n<meta property=\"og:site_name\" content=\"esPattio\" \/>\n<meta property=\"article:modified_time\" content=\"2025-09-16T07:00:51+00:00\" \/>\n<meta property=\"og:image\" content=\"https:\/\/espattiobrand.com\/wp-content\/uploads\/2024\/07\/BIKA_021.jpg\" \/>\n\t<meta property=\"og:image:width\" content=\"1000\" \/>\n\t<meta property=\"og:image:height\" content=\"1105\" \/>\n\t<meta property=\"og:image:type\" content=\"image\/jpeg\" \/>\n<meta name=\"twitter:card\" content=\"summary_large_image\" \/>\n<meta name=\"twitter:label1\" content=\"Gesch\u00e4tzte Lesezeit\" \/>\n\t<meta name=\"twitter:data1\" content=\"1\u00a0Minute\" \/>\n<script type=\"application\/ld+json\" class=\"yoast-schema-graph\">{\"@context\":\"https:\/\/schema.org\",\"@graph\":[{\"@type\":\"WebPage\",\"@id\":\"https:\/\/espattiobrand.com\/de\/\",\"url\":\"https:\/\/espattiobrand.com\/de\/\",\"name\":\"B\u00fcrom\u00f6bel, Restaurants und Hotels - esPattio\",\"isPartOf\":{\"@id\":\"https:\/\/espattiobrand.com\/de\/#website\"},\"primaryImageOfPage\":{\"@id\":\"https:\/\/espattiobrand.com\/de\/#primaryimage\"},\"image\":{\"@id\":\"https:\/\/espattiobrand.com\/de\/#primaryimage\"},\"thumbnailUrl\":\"https:\/\/espattiobrand.com\/wp-content\/uploads\/2024\/07\/BIKA_021.jpg\",\"datePublished\":\"2021-10-14T08:28:37+00:00\",\"dateModified\":\"2025-09-16T07:00:51+00:00\",\"description\":\"esPattio bringt Sch\u00f6nheit in Ihre B\u00fcrom\u00f6bel und andere R\u00e4ume wie Hotels und Restaurants, indem es das Licht, die Farben und die W\u00e4rme des S\u00fcdens bringt.\",\"breadcrumb\":{\"@id\":\"https:\/\/espattiobrand.com\/de\/#breadcrumb\"},\"inLanguage\":\"de\",\"potentialAction\":[{\"@type\":\"ReadAction\",\"target\":[\"https:\/\/espattiobrand.com\/de\/\"]}]},{\"@type\":\"ImageObject\",\"inLanguage\":\"de\",\"@id\":\"https:\/\/espattiobrand.com\/de\/#primaryimage\",\"url\":\"https:\/\/espattiobrand.com\/wp-content\/uploads\/2024\/07\/BIKA_021.jpg\",\"contentUrl\":\"https:\/\/espattiobrand.com\/wp-content\/uploads\/2024\/07\/BIKA_021.jpg\",\"width\":1000,\"height\":1105,\"caption\":\"Muebles de dise\u00f1o para interioristas, dise\u00f1adores, decoradores\"},{\"@type\":\"BreadcrumbList\",\"@id\":\"https:\/\/espattiobrand.com\/de\/#breadcrumb\",\"itemListElement\":[{\"@type\":\"ListItem\",\"position\":1,\"name\":\"Portada\",\"item\":\"https:\/\/espattiobrand.com\/de\/\"},{\"@type\":\"ListItem\",\"position\":2,\"name\":\"Home\"}]},{\"@type\":\"WebSite\",\"@id\":\"https:\/\/espattiobrand.com\/de\/#website\",\"url\":\"https:\/\/espattiobrand.com\/de\/\",\"name\":\"esPattio\",\"description\":\"\",\"potentialAction\":[{\"@type\":\"SearchAction\",\"target\":{\"@type\":\"EntryPoint\",\"urlTemplate\":\"https:\/\/espattiobrand.com\/de\/?s={search_term_string}\"},\"query-input\":{\"@type\":\"PropertyValueSpecification\",\"valueRequired\":true,\"valueName\":\"search_term_string\"}}],\"inLanguage\":\"de\"}]}<\/script>\n<!-- \/ Yoast SEO plugin. -->","yoast_head_json":{"title":"B\u00fcrom\u00f6bel, Restaurants und Hotels - esPattio","description":"esPattio bringt Sch\u00f6nheit in Ihre B\u00fcrom\u00f6bel und andere R\u00e4ume wie Hotels und Restaurants, indem es das Licht, die Farben und die W\u00e4rme des S\u00fcdens bringt.","robots":{"index":"index","follow":"follow","max-snippet":"max-snippet:-1","max-image-preview":"max-image-preview:large","max-video-preview":"max-video-preview:-1"},"canonical":"https:\/\/espattiobrand.com\/de\/","og_locale":"de_DE","og_type":"article","og_title":"B\u00fcrom\u00f6bel, Restaurants und Hotels - esPattio","og_description":"esPattio bringt Sch\u00f6nheit in Ihre B\u00fcrom\u00f6bel und andere R\u00e4ume wie Hotels und Restaurants, indem es das Licht, die Farben und die W\u00e4rme des S\u00fcdens bringt.","og_url":"https:\/\/espattiobrand.com\/de\/","og_site_name":"esPattio","article_modified_time":"2025-09-16T07:00:51+00:00","og_image":[{"width":1000,"height":1105,"url":"https:\/\/espattiobrand.com\/wp-content\/uploads\/2024\/07\/BIKA_021.jpg","type":"image\/jpeg"}],"twitter_card":"summary_large_image","twitter_misc":{"Gesch\u00e4tzte Lesezeit":"1\u00a0Minute"},"schema":{"@context":"https:\/\/schema.org","@graph":[{"@type":"WebPage","@id":"https:\/\/espattiobrand.com\/de\/","url":"https:\/\/espattiobrand.com\/de\/","name":"B\u00fcrom\u00f6bel, Restaurants und Hotels - esPattio","isPartOf":{"@id":"https:\/\/espattiobrand.com\/de\/#website"},"primaryImageOfPage":{"@id":"https:\/\/espattiobrand.com\/de\/#primaryimage"},"image":{"@id":"https:\/\/espattiobrand.com\/de\/#primaryimage"},"thumbnailUrl":"https:\/\/espattiobrand.com\/wp-content\/uploads\/2024\/07\/BIKA_021.jpg","datePublished":"2021-10-14T08:28:37+00:00","dateModified":"2025-09-16T07:00:51+00:00","description":"esPattio bringt Sch\u00f6nheit in Ihre B\u00fcrom\u00f6bel und andere R\u00e4ume wie Hotels und Restaurants, indem es das Licht, die Farben und die W\u00e4rme des S\u00fcdens bringt.","breadcrumb":{"@id":"https:\/\/espattiobrand.com\/de\/#breadcrumb"},"inLanguage":"de","potentialAction":[{"@type":"ReadAction","target":["https:\/\/espattiobrand.com\/de\/"]}]},{"@type":"ImageObject","inLanguage":"de","@id":"https:\/\/espattiobrand.com\/de\/#primaryimage","url":"https:\/\/espattiobrand.com\/wp-content\/uploads\/2024\/07\/BIKA_021.jpg","contentUrl":"https:\/\/espattiobrand.com\/wp-content\/uploads\/2024\/07\/BIKA_021.jpg","width":1000,"height":1105,"caption":"Muebles de dise\u00f1o para interioristas, dise\u00f1adores, decoradores"},{"@type":"BreadcrumbList","@id":"https:\/\/espattiobrand.com\/de\/#breadcrumb","itemListElement":[{"@type":"ListItem","position":1,"name":"Portada","item":"https:\/\/espattiobrand.com\/de\/"},{"@type":"ListItem","position":2,"name":"Home"}]},{"@type":"WebSite","@id":"https:\/\/espattiobrand.com\/de\/#website","url":"https:\/\/espattiobrand.com\/de\/","name":"esPattio","description":"","potentialAction":[{"@type":"SearchAction","target":{"@type":"EntryPoint","urlTemplate":"https:\/\/espattiobrand.com\/de\/?s={search_term_string}"},"query-input":{"@type":"PropertyValueSpecification","valueRequired":true,"valueName":"search_term_string"}}],"inLanguage":"de"}]}},"_links":{"self":[{"href":"https:\/\/espattiobrand.com\/de\/wp-json\/wp\/v2\/pages\/1671","targetHints":{"allow":["GET"]}}],"collection":[{"href":"https:\/\/espattiobrand.com\/de\/wp-json\/wp\/v2\/pages"}],"about":[{"href":"https:\/\/espattiobrand.com\/de\/wp-json\/wp\/v2\/types\/page"}],"author":[{"embeddable":true,"href":"https:\/\/espattiobrand.com\/de\/wp-json\/wp\/v2\/users\/1"}],"replies":[{"embeddable":true,"href":"https:\/\/espattiobrand.com\/de\/wp-json\/wp\/v2\/comments?post=1671"}],"version-history":[{"count":2,"href":"https:\/\/espattiobrand.com\/de\/wp-json\/wp\/v2\/pages\/1671\/revisions"}],"predecessor-version":[{"id":15081,"href":"https:\/\/espattiobrand.com\/de\/wp-json\/wp\/v2\/pages\/1671\/revisions\/15081"}],"wp:featuredmedia":[{"embeddable":true,"href":"https:\/\/espattiobrand.com\/de\/wp-json\/wp\/v2\/media\/7470"}],"wp:attachment":[{"href":"https:\/\/espattiobrand.com\/de\/wp-json\/wp\/v2\/media?parent=1671"}],"curies":[{"name":"wp","href":"https:\/\/api.w.org\/{rel}","templated":true}]}}