{"id":1676,"date":"2021-10-20T17:01:25","date_gmt":"2021-10-20T15:01:25","guid":{"rendered":"https:\/\/test.espattiobrand.com\/politica-de-privacidad\/"},"modified":"2021-11-23T11:56:25","modified_gmt":"2021-11-23T10:56:25","slug":"politique-de-confidentialite","status":"publish","type":"page","link":"https:\/\/espattiobrand.com\/fr\/politique-de-confidentialite\/","title":{"rendered":"Politique de confidentialit\u00e9"},"content":{"rendered":"\n<h2 class=\"wp-block-heading\">Informations \u00e0 l\u2019utilisateur<\/h2>\n\n\n\n<p>La soci\u00e9t\u00e9 GRUPO FORMA 5 S.L.U., ci-apr\u00e8s d\u00e9nomm\u00e9e \u00ab la RESPONSABLE \u00bb, est responsable du traitement des donn\u00e9es \u00e0 caract\u00e8re personnel de l\u2019utilisateur et vous communique que ces donn\u00e9es seront trait\u00e9es conform\u00e9ment aux dispositions du R\u00e8glement (UE) n\u00ba 2016\/679 du 27 avril 2016 (GDPR) relatif \u00e0 la protection des personnes physiques en mati\u00e8re de traitement des donn\u00e9es \u00e0 caract\u00e8re personnel et de la libre circulation de ces donn\u00e9es. Les informations suivantes, relatives au traitement des donn\u00e9es, vous sont donc communiqu\u00e9es :<\/p>\n\n\n\n<p>Objectif du traitement : Entretenir une relation commerciale avec l\u2019utilisateur. Les op\u00e9rations pr\u00e9vues pour effectuer le traitement des donn\u00e9es sont les suivantes:<\/p>\n\n\n\n<p>Transmission des communications commerciales publicitaires par e-mail, fax, SMS, MMS, r\u00e9seaux sociaux ou tout autre moyen \u00e9lectronique ou physique, pr\u00e9sent ou futur, qui permette d\u2019assurer des transactions commerciales. Ces \u00e9changes seront effectu\u00e9s par la RESPONSABLE et concerneront ses produits et services, ou ceux de ses partenaires ou fournisseurs avec lesquelles elle aura conclu un accord de promotion. Dans ce cas, les tiers n\u2019auront jamais acc\u00e8s \u00e0 vos donn\u00e9es personnelles.<\/p>\n\n\n\n<p>R\u00e9aliser des \u00e9tudes statistiques.<\/p>\n\n\n\n<p>Traiter les commandes ou demandes formul\u00e9es par l\u2019utilisateur par le biais de quelconque des modes de contact mis \u00e0 sa disposition. Envoi de la newsletter de la page web. Crit\u00e8res de conservation des donn\u00e9es : Les donn\u00e9es seront conserv\u00e9es tant qu\u2019il existe un int\u00e9r\u00eat r\u00e9ciproque \u00e0 remplir l\u2019objectif du traitement et, lorsque cela ne soit plus n\u00e9cessaire \u00e0 cette fin, elles seront supprim\u00e9es \u00e0 l\u2019aide des mesures de s\u00e9curit\u00e9 ad\u00e9quates afin de garantir leur pseudonymisation ou leur destruction totale. Communication des donn\u00e9es : Les donn\u00e9es ne seront pas communiqu\u00e9es \u00e0 des tiers, sauf en cas d\u2019obligation l\u00e9gale.<\/p>\n\n\n\n<p>Droits de l\u2019utilisateur:<\/p>\n\n\n\n<p>Droit de retrait du consentement \u00e0 tout moment.<\/p>\n\n\n\n<p>Droit d\u2019acc\u00e8s, de rectification, de portabilit\u00e9 et de suppression de ses donn\u00e9es, ainsi que de limitation ou d\u2019opposition \u00e0 leur traitement.<\/p>\n\n\n\n<p>Droit de d\u00e9poser une r\u00e9clamation aupr\u00e8s de l\u2019Autorit\u00e9 de Supervision (<a href=\"http:\/\/agpd.es\">agpd.es<\/a>) s\u2019il estime que le traitement n\u2019observe pas la r\u00e9glementation en vigueur.<\/p>\n\n\n\n<p>Comunicaci\u00f3n de los datos: no se comunicar\u00e1n los datos a terceros, salvo obligaci\u00f3n legal.<\/p>\n\n\n\n<p>Pour exercer vos droits, vous pouvez vous adresser \u00e0 :<\/p>\n\n\n\n<p>GRUPO FORMA 5 S.L.U.<br>CALLE ACUEDUCTO \u2013 POL\u00cdGONO INDUSTRIAL<br>CARRETERA DE LA ISLA, 12-14 41703 DOS HERMANAS (S\u00c9VILLE).\u00a0<a href=\"mailto:rgpd@forma5.com\">E-mail : rgpd@forma5.com<\/a><\/p>\n\n\n\n<h2 class=\"wp-block-heading\">Caract\u00e8re obligatoire ou facultatif des informations fournies par l\u2019utilisateur<\/h2>\n\n\n\n<p>En cochant les cases respectives et en saisissant les donn\u00e9es requises dans les champs marqu\u00e9s d\u2019un ast\u00e9risque (*) sur le formulaire de contact ou les formulaires de t\u00e9l\u00e9chargement, les utilisateurs acceptent express\u00e9ment, librement et sans \u00e9quivoque, que leurs donn\u00e9es soient utilis\u00e9es pour satisfaire leur demande, par le prestataire, la saisie des donn\u00e9es dans le reste des champs \u00e9tant volontaire. L\u2019utilisateur garantit que les donn\u00e9es personnelles fournies \u00e0 la RESPONSABLE sont v\u00e9ridiques et assume la responsabilit\u00e9 de l\u2019informer de toute modification.<\/p>\n\n\n\n<p>La RESPONSABLE informe et garantit express\u00e9ment aux utilisateurs que leurs donn\u00e9es personnelles ne seront en aucun cas c\u00e9d\u00e9es \u00e0 des tiers et, toutefois qu\u2019il soit n\u00e9cessaire d\u2019effectuer un quelconque type de cession de donn\u00e9es \u00e0 caract\u00e8re personnel, il sera pr\u00e9alablement requis le consentement express, inform\u00e9 et sans \u00e9quivoque des utilisateurs. Toutes les donn\u00e9es requises sur le site web doivent obligatoirement \u00eatre renseign\u00e9es, \u00e9tant n\u00e9cessaires \u00e0 la prestation d\u2019un service optimal pour l\u2019utilisateur. Dans l\u2019\u00e9ventualit\u00e9 o\u00f9 toutes les donn\u00e9es ne soient pas renseign\u00e9es, nous ne garantissons pas que les informations et les services fournis r\u00e9pondent totalement \u00e0 vos attentes.<\/p>\n\n\n\n<p>Les photographies publi\u00e9es sur le site web ou les r\u00e9seaux sociaux, obtenues sans consentement, seront diffus\u00e9es uniquement et exclusivement dans le but d\u2019informer les activit\u00e9s que la soci\u00e9t\u00e9 GRUPO FORMA 5 S.L.U. peut mener \u00e0 bien. Si quelqu\u2019un s\u2019estime l\u00e9s\u00e9 par la publication de son image et s\u2019oppose \u00e0 sa diffusion, elle devra le notifier par e-mail \u00e0&nbsp;<a href=\"mailto:rgpd@forma5.com\">rgpd@forma5.com<\/a>&nbsp;et nous la supprimerons imm\u00e9diatement. Il est totalement interdit de publier ces photographies, de les diffuser ou les c\u00e9der sans le consentement express de la soci\u00e9t\u00e9 GRUPO FORMA 5 S.L.U.<\/p>\n\n\n\n<h2 class=\"wp-block-heading\">Mesures de s\u00e9curit\u00e9<\/h2>\n\n\n\n<p>Conform\u00e9ment aux dispositions de la r\u00e9glementation en vigueur en mati\u00e8re de protection des donn\u00e9es \u00e0 caract\u00e8re personnel, la RESPONSABLE observe toutes les dispositions de la r\u00e9glementation GDPR relative au traitement des donn\u00e9es personnelles plac\u00e9es sous sa responsabilit\u00e9, notamment les principes d\u00e9taill\u00e9s \u00e0 l\u2019article 5 du GDPR, ces donn\u00e9es sont donc trait\u00e9es de mani\u00e8re l\u00e9gale, loyale et transparente envers l\u2019int\u00e9ress\u00e9, ainsi qu\u2019en ad\u00e9quation, de mani\u00e8re pertinente et limit\u00e9e aux fins pour lesquelles elles sont collect\u00e9es.<\/p>\n\n\n\n<p>La RESPONSABLE garantit avoir mis en place des politiques techniques et organisationnelles appropri\u00e9es afin d\u2019appliquer les mesures de s\u00e9curit\u00e9 \u00e9tablies par le GDPR, dans le but de prot\u00e9ger les droits et les libert\u00e9s des utilisateurs, auxquels elle a communiqu\u00e9 les informations ad\u00e9quates afin qu\u2019ils puissent les exercer.<\/p>\n\n\n\n<p>Est express\u00e9ment interdit la copie, la reproduction ou la distribution, en totalit\u00e9 ou en partie, par tout moyen.<\/p>\n","protected":false},"excerpt":{"rendered":"<p>Informations \u00e0 l\u2019utilisateur La soci\u00e9t\u00e9 GRUPO FORMA 5 S.L.U., ci-apr\u00e8s d\u00e9nomm\u00e9e \u00ab la RESPONSABLE \u00bb, est responsable du traitement des donn\u00e9es \u00e0 caract\u00e8re personnel de l\u2019utilisateur et vous communique que ces donn\u00e9es seront trait\u00e9es conform\u00e9ment aux dispositions du R\u00e8glement (UE) n\u00ba 2016\/679 du 27 avril 2016 (GDPR) relatif \u00e0 la protection des personnes physiques en [&hellip;]<\/p>\n","protected":false},"author":1,"featured_media":0,"parent":0,"menu_order":0,"comment_status":"closed","ping_status":"closed","template":"page-simple.php","meta":{"_acf_changed":false,"footnotes":""},"class_list":["post-1676","page","type-page","status-publish","hentry"],"acf":[],"yoast_head":"<!-- This site is optimized with the Yoast SEO plugin v25.3 - https:\/\/yoast.com\/wordpress\/plugins\/seo\/ -->\n<title>Politique de confidentialit\u00e9 - esPattio<\/title>\n<meta name=\"robots\" content=\"index, follow, max-snippet:-1, max-image-preview:large, max-video-preview:-1\" \/>\n<link rel=\"canonical\" href=\"https:\/\/espattiobrand.com\/fr\/politique-de-confidentialite\/\" \/>\n<meta property=\"og:locale\" content=\"fr_FR\" \/>\n<meta property=\"og:type\" content=\"article\" \/>\n<meta property=\"og:title\" content=\"Politique de confidentialit\u00e9 - esPattio\" \/>\n<meta property=\"og:description\" content=\"Informations \u00e0 l\u2019utilisateur La soci\u00e9t\u00e9 GRUPO FORMA 5 S.L.U., ci-apr\u00e8s d\u00e9nomm\u00e9e \u00ab la RESPONSABLE \u00bb, est responsable du traitement des donn\u00e9es \u00e0 caract\u00e8re personnel de l\u2019utilisateur et vous communique que ces donn\u00e9es seront trait\u00e9es conform\u00e9ment aux dispositions du R\u00e8glement (UE) n\u00ba 2016\/679 du 27 avril 2016 (GDPR) relatif \u00e0 la protection des personnes physiques en [&hellip;]\" \/>\n<meta property=\"og:url\" content=\"https:\/\/espattiobrand.com\/fr\/politique-de-confidentialite\/\" \/>\n<meta property=\"og:site_name\" content=\"esPattio\" \/>\n<meta property=\"article:modified_time\" content=\"2021-11-23T10:56:25+00:00\" \/>\n<meta name=\"twitter:card\" content=\"summary_large_image\" \/>\n<meta name=\"twitter:label1\" content=\"Dur\u00e9e de lecture estim\u00e9e\" \/>\n\t<meta name=\"twitter:data1\" content=\"5 minutes\" \/>\n<script type=\"application\/ld+json\" class=\"yoast-schema-graph\">{\"@context\":\"https:\/\/schema.org\",\"@graph\":[{\"@type\":\"WebPage\",\"@id\":\"https:\/\/espattiobrand.com\/fr\/politique-de-confidentialite\/\",\"url\":\"https:\/\/espattiobrand.com\/fr\/politique-de-confidentialite\/\",\"name\":\"Politique de confidentialit\u00e9 - esPattio\",\"isPartOf\":{\"@id\":\"https:\/\/espattiobrand.com\/fr\/#website\"},\"datePublished\":\"2021-10-20T15:01:25+00:00\",\"dateModified\":\"2021-11-23T10:56:25+00:00\",\"breadcrumb\":{\"@id\":\"https:\/\/espattiobrand.com\/fr\/politique-de-confidentialite\/#breadcrumb\"},\"inLanguage\":\"fr-FR\",\"potentialAction\":[{\"@type\":\"ReadAction\",\"target\":[\"https:\/\/espattiobrand.com\/fr\/politique-de-confidentialite\/\"]}]},{\"@type\":\"BreadcrumbList\",\"@id\":\"https:\/\/espattiobrand.com\/fr\/politique-de-confidentialite\/#breadcrumb\",\"itemListElement\":[{\"@type\":\"ListItem\",\"position\":1,\"name\":\"Portada\",\"item\":\"https:\/\/espattiobrand.com\/fr\/\"},{\"@type\":\"ListItem\",\"position\":2,\"name\":\"Politique de confidentialit\u00e9\"}]},{\"@type\":\"WebSite\",\"@id\":\"https:\/\/espattiobrand.com\/fr\/#website\",\"url\":\"https:\/\/espattiobrand.com\/fr\/\",\"name\":\"esPattio\",\"description\":\"\",\"potentialAction\":[{\"@type\":\"SearchAction\",\"target\":{\"@type\":\"EntryPoint\",\"urlTemplate\":\"https:\/\/espattiobrand.com\/fr\/?s={search_term_string}\"},\"query-input\":{\"@type\":\"PropertyValueSpecification\",\"valueRequired\":true,\"valueName\":\"search_term_string\"}}],\"inLanguage\":\"fr-FR\"}]}<\/script>\n<!-- \/ Yoast SEO plugin. -->","yoast_head_json":{"title":"Politique de confidentialit\u00e9 - esPattio","robots":{"index":"index","follow":"follow","max-snippet":"max-snippet:-1","max-image-preview":"max-image-preview:large","max-video-preview":"max-video-preview:-1"},"canonical":"https:\/\/espattiobrand.com\/fr\/politique-de-confidentialite\/","og_locale":"fr_FR","og_type":"article","og_title":"Politique de confidentialit\u00e9 - esPattio","og_description":"Informations \u00e0 l\u2019utilisateur La soci\u00e9t\u00e9 GRUPO FORMA 5 S.L.U., ci-apr\u00e8s d\u00e9nomm\u00e9e \u00ab la RESPONSABLE \u00bb, est responsable du traitement des donn\u00e9es \u00e0 caract\u00e8re personnel de l\u2019utilisateur et vous communique que ces donn\u00e9es seront trait\u00e9es conform\u00e9ment aux dispositions du R\u00e8glement (UE) n\u00ba 2016\/679 du 27 avril 2016 (GDPR) relatif \u00e0 la protection des personnes physiques en [&hellip;]","og_url":"https:\/\/espattiobrand.com\/fr\/politique-de-confidentialite\/","og_site_name":"esPattio","article_modified_time":"2021-11-23T10:56:25+00:00","twitter_card":"summary_large_image","twitter_misc":{"Dur\u00e9e de lecture estim\u00e9e":"5 minutes"},"schema":{"@context":"https:\/\/schema.org","@graph":[{"@type":"WebPage","@id":"https:\/\/espattiobrand.com\/fr\/politique-de-confidentialite\/","url":"https:\/\/espattiobrand.com\/fr\/politique-de-confidentialite\/","name":"Politique de confidentialit\u00e9 - esPattio","isPartOf":{"@id":"https:\/\/espattiobrand.com\/fr\/#website"},"datePublished":"2021-10-20T15:01:25+00:00","dateModified":"2021-11-23T10:56:25+00:00","breadcrumb":{"@id":"https:\/\/espattiobrand.com\/fr\/politique-de-confidentialite\/#breadcrumb"},"inLanguage":"fr-FR","potentialAction":[{"@type":"ReadAction","target":["https:\/\/espattiobrand.com\/fr\/politique-de-confidentialite\/"]}]},{"@type":"BreadcrumbList","@id":"https:\/\/espattiobrand.com\/fr\/politique-de-confidentialite\/#breadcrumb","itemListElement":[{"@type":"ListItem","position":1,"name":"Portada","item":"https:\/\/espattiobrand.com\/fr\/"},{"@type":"ListItem","position":2,"name":"Politique de confidentialit\u00e9"}]},{"@type":"WebSite","@id":"https:\/\/espattiobrand.com\/fr\/#website","url":"https:\/\/espattiobrand.com\/fr\/","name":"esPattio","description":"","potentialAction":[{"@type":"SearchAction","target":{"@type":"EntryPoint","urlTemplate":"https:\/\/espattiobrand.com\/fr\/?s={search_term_string}"},"query-input":{"@type":"PropertyValueSpecification","valueRequired":true,"valueName":"search_term_string"}}],"inLanguage":"fr-FR"}]}},"_links":{"self":[{"href":"https:\/\/espattiobrand.com\/fr\/wp-json\/wp\/v2\/pages\/1676","targetHints":{"allow":["GET"]}}],"collection":[{"href":"https:\/\/espattiobrand.com\/fr\/wp-json\/wp\/v2\/pages"}],"about":[{"href":"https:\/\/espattiobrand.com\/fr\/wp-json\/wp\/v2\/types\/page"}],"author":[{"embeddable":true,"href":"https:\/\/espattiobrand.com\/fr\/wp-json\/wp\/v2\/users\/1"}],"replies":[{"embeddable":true,"href":"https:\/\/espattiobrand.com\/fr\/wp-json\/wp\/v2\/comments?post=1676"}],"version-history":[{"count":0,"href":"https:\/\/espattiobrand.com\/fr\/wp-json\/wp\/v2\/pages\/1676\/revisions"}],"wp:attachment":[{"href":"https:\/\/espattiobrand.com\/fr\/wp-json\/wp\/v2\/media?parent=1676"}],"curies":[{"name":"wp","href":"https:\/\/api.w.org\/{rel}","templated":true}]}}